{"id":231234,"date":"2024-11-25T12:41:36","date_gmt":"2024-11-25T11:41:36","guid":{"rendered":"https:\/\/www.annuarioimpreseitaliatunisia.com\/?page_id=231234"},"modified":"2024-12-21T17:57:21","modified_gmt":"2024-12-21T16:57:21","slug":"home","status":"publish","type":"page","link":"https:\/\/www.annuarioimpreseitaliatunisia.com\/fr\/","title":{"rendered":"Home"},"content":{"rendered":"<p>[et_pb_section fb_built=\u00a0\u00bb1&Prime; admin_label=\u00a0\u00bbHeader\u00a0\u00bb _builder_version=\u00a0\u00bb4.27.2&Prime; _module_preset=\u00a0\u00bbdefault\u00a0\u00bb background_enable_color=\u00a0\u00bboff\u00a0\u00bb background_image=\u00a0\u00bbhttps:\/\/www.annuarioimpreseitaliatunisia.com\/wp-content\/uploads\/2024\/11\/header12-scaled.jpg\u00a0\u00bb box_shadow_style=\u00a0\u00bbpreset1&Prime; collapsed=\u00a0\u00bbon\u00a0\u00bb global_colors_info=\u00a0\u00bb{%22gcid-a674551e-c023-4666-82b8-b7448e713885%22:%91%22background_color%22%93}\u00a0\u00bb][et_pb_row column_structure=\u00a0\u00bb3_4,1_4&Prime; _builder_version=\u00a0\u00bb4.25.0&Prime; _module_preset=\u00a0\u00bbdefault\u00a0\u00bb max_width=\u00a0\u00bbnone\u00a0\u00bb global_colors_info=\u00a0\u00bb{}\u00a0\u00bb][et_pb_column type=\u00a0\u00bb3_4&Prime; _builder_version=\u00a0\u00bb4.25.0&Prime; _module_preset=\u00a0\u00bbdefault\u00a0\u00bb global_colors_info=\u00a0\u00bb{}\u00a0\u00bb][et_pb_heading title=\u00a0\u00bbAnnuaire des Entreprises Italiennes en Tunisie\u00a0\u00bb _builder_version=\u00a0\u00bb4.27.4&Prime; _module_preset=\u00a0\u00bb80e37a58-bf0d-4ba2-af17-bc936133fa87&Prime; title_font=\u00a0\u00bbPoppins|500|||||||\u00a0\u00bb title_text_color=\u00a0\u00bb#FFFFFF\u00a0\u00bb title_font_size=\u00a0\u00bb9vw\u00a0\u00bb title_letter_spacing=\u00a0\u00bb-0.05em\u00a0\u00bb title_line_height=\u00a0\u00bb1.1em\u00a0\u00bb custom_margin=\u00a0\u00bb||10px||false|false\u00a0\u00bb title_font_size_tablet=\u00a0\u00bb8vw\u00a0\u00bb title_font_size_phone=\u00a0\u00bb8vw\u00a0\u00bb title_font_size_last_edited=\u00a0\u00bboff|desktop\u00a0\u00bb title_text_shadow_style=\u00a0\u00bbpreset2&Prime; title_text_shadow_color=\u00a0\u00bb#26265d\u00a0\u00bb locked=\u00a0\u00bboff\u00a0\u00bb global_colors_info=\u00a0\u00bb{}\u00a0\u00bb][\/et_pb_heading][et_pb_button button_url=\u00a0\u00bb@ET-DC@eyJkeW5hbWljIjp0cnVlLCJjb250ZW50IjoicG9zdF9saW5rX3VybF9wYWdlIiwic2V0dGluZ3MiOnsicG9zdF9pZCI6IjIzMTM5MiJ9fQ==@\u00a0\u00bb button_text=\u00a0\u00bbConsulter l\u2019Annuaire\u00a0\u00bb button_alignment=\u00a0\u00bbleft\u00a0\u00bb _builder_version=\u00a0\u00bb4.27.4&Prime; _dynamic_attributes=\u00a0\u00bbbutton_url\u00a0\u00bb _module_preset=\u00a0\u00bbdefault\u00a0\u00bb custom_button=\u00a0\u00bbon\u00a0\u00bb button_text_color=\u00a0\u00bb#FFFFFF\u00a0\u00bb button_bg_color=\u00a0\u00bbrgba(38,38,93,0.35)\u00a0\u00bb button_use_icon=\u00a0\u00bboff\u00a0\u00bb box_shadow_style=\u00a0\u00bbpreset1&Prime; box_shadow_color=\u00a0\u00bb#26265d\u00a0\u00bb global_colors_info=\u00a0\u00bb{}\u00a0\u00bb][\/et_pb_button][\/et_pb_column][et_pb_column type=\u00a0\u00bb1_4&Prime; _builder_version=\u00a0\u00bb4.25.0&Prime; _module_preset=\u00a0\u00bbdefault\u00a0\u00bb global_colors_info=\u00a0\u00bb{}\u00a0\u00bb][\/et_pb_column][\/et_pb_row][\/et_pb_section][et_pb_section fb_built=\u00a0\u00bb1&Prime; admin_label=\u00a0\u00bbWork Experience\u00a0\u00bb _builder_version=\u00a0\u00bb4.27.2&Prime; _module_preset=\u00a0\u00bbdefault\u00a0\u00bb custom_padding=\u00a0\u00bb15px||14px|||\u00a0\u00bb border_width_bottom=\u00a0\u00bb1px\u00a0\u00bb border_color_bottom=\u00a0\u00bb#26265d\u00a0\u00bb collapsed=\u00a0\u00bbon\u00a0\u00bb global_colors_info=\u00a0\u00bb{}\u00a0\u00bb][et_pb_row _builder_version=\u00a0\u00bb4.25.0&Prime; _module_preset=\u00a0\u00bbdefault\u00a0\u00bb max_width=\u00a0\u00bb1280px\u00a0\u00bb locked=\u00a0\u00bboff\u00a0\u00bb global_colors_info=\u00a0\u00bb{}\u00a0\u00bb][et_pb_column type=\u00a0\u00bb4_4&Prime; _builder_version=\u00a0\u00bb4.25.0&Prime; _module_preset=\u00a0\u00bbdefault\u00a0\u00bb global_colors_info=\u00a0\u00bb{}\u00a0\u00bb][et_pb_divider color=\u00a0\u00bbrgba(38,38,93,0.35)\u00a0\u00bb divider_position=\u00a0\u00bbcenter\u00a0\u00bb _builder_version=\u00a0\u00bb4.27.2&Prime; _module_preset=\u00a0\u00bbdefault\u00a0\u00bb global_colors_info=\u00a0\u00bb{}\u00a0\u00bb][\/et_pb_divider][et_pb_text _builder_version=\u00a0\u00bb4.27.4&Prime; _module_preset=\u00a0\u00bb4db9d2d0-d2e0-4e16-b6da-61987e9a795f\u00a0\u00bb text_font=\u00a0\u00bb||||||||\u00a0\u00bb text_text_color=\u00a0\u00bb#26265d\u00a0\u00bb text_font_size=\u00a0\u00bb14px\u00a0\u00bb custom_css_main_element=\u00a0\u00bbline-height:1.7em\u00a0\u00bb global_colors_info=\u00a0\u00bb{}\u00a0\u00bb]<\/p>\n<div class=\"\" style=\"text-align: justify;\"><strong>L\u2019Annuaire Num\u00e9rique des Entreprises Italiennes en Tunisie<\/strong> est une initiative du <em>Com.It.Es<\/em> (Comit\u00e9 des Italiens \u00e0 l\u2019\u00c9tranger), r\u00e9alis\u00e9e en collaboration avec la Chambre Tuniso-Italienne de Commerce et d\u2019Industrie et l\u2019Ambassade d\u2019Italie \u00e0 Tunis. Cet outil a pour objectif de mettre en valeur la pr\u00e9sence des entreprises italiennes en Tunisie et de favoriser les \u00e9changes entre les acteurs \u00e9conomiques des deux pays.<br \/>Enti\u00e8rement num\u00e9rique, l\u2019Annuaire se pr\u00e9sente comme une plateforme moderne, pratique et interactive, con\u00e7ue pour r\u00e9pondre aux besoins d\u2019un march\u00e9 de plus en plus connect\u00e9 et dynamique. Il r\u00e9pertorie des informations d\u00e9taill\u00e9es sur les entreprises italiennes actives en Tunisie, mettant en avant leurs secteurs d\u2019activit\u00e9 et leurs coordonn\u00e9es.<br \/>Ce projet vise \u00e0 faciliter l\u2019internationalisation, \u00e0 encourager la recherche de partenaires strat\u00e9giques et \u00e0 soutenir le d\u00e9veloppement \u00e9conomique italo-tunisien. Gr\u00e2ce \u00e0 une navigation simple et intuitive, l\u2019Annuaire permet aux entreprises d\u2019\u00e9largir leur r\u00e9seau, de d\u00e9couvrir de nouvelles opportunit\u00e9s et d\u2019am\u00e9liorer leur visibilit\u00e9.<br \/>Cette initiative conjointe du <em>Com.It.Es<\/em>, de la Chambre de Commerce et de l\u2019Ambassade d\u2019Italie illustre l\u2019engagement fort pour renforcer les liens \u00e9conomiques et culturels entre l\u2019Italie et la Tunisie, en offrant un outil efficace et novateur \u00e0 ceux qui souhaitent investir ou collaborer dans ce contexte \u00e9conomique strat\u00e9gique.<br \/><strong>L\u2019Annuaire Num\u00e9rique des Entreprises Italiennes en Tunisie n\u2019est pas qu\u2019une liste d\u2019entreprises, mais une vitrine du dynamisme et de l\u2019esprit d\u2019innovation des entreprises italiennes dans le monde.<\/strong><\/div>\n<p>[\/et_pb_text][et_pb_divider color=\u00a0\u00bbrgba(0,0,0,0.12)\u00a0\u00bb divider_position=\u00a0\u00bbcenter\u00a0\u00bb _builder_version=\u00a0\u00bb4.25.0&Prime; _module_preset=\u00a0\u00bbdefault\u00a0\u00bb global_colors_info=\u00a0\u00bb{}\u00a0\u00bb][\/et_pb_divider][\/et_pb_column][\/et_pb_row][et_pb_row _builder_version=\u00a0\u00bb4.27.2&Prime; _module_preset=\u00a0\u00bbdefault\u00a0\u00bb global_colors_info=\u00a0\u00bb{}\u00a0\u00bb][et_pb_column type=\u00a0\u00bb4_4&Prime; _builder_version=\u00a0\u00bb4.27.2&Prime; _module_preset=\u00a0\u00bbdefault\u00a0\u00bb global_colors_info=\u00a0\u00bb{}\u00a0\u00bb][et_pb_heading title=\u00a0\u00bbCat\u00e9gories par secteur d\u2019activit\u00e9\u00a0\u00bb _builder_version=\u00a0\u00bb4.27.4&Prime; _module_preset=\u00a0\u00bb3d2fbb35-79f0-4d1c-8774-9f5a814d7b50&Prime; title_text_align=\u00a0\u00bbleft\u00a0\u00bb title_text_color=\u00a0\u00bb#26265d\u00a0\u00bb title_font_size=\u00a0\u00bb20px\u00a0\u00bb global_colors_info=\u00a0\u00bb{}\u00a0\u00bb][\/et_pb_heading][\/et_pb_column][\/et_pb_row][et_pb_row column_structure=\u00a0\u00bb1_3,1_3,1_3&Prime; _builder_version=\u00a0\u00bb4.25.0&Prime; _module_preset=\u00a0\u00bbdefault\u00a0\u00bb max_width=\u00a0\u00bb1280px\u00a0\u00bb locked=\u00a0\u00bboff\u00a0\u00bb global_colors_info=\u00a0\u00bb{}\u00a0\u00bb][et_pb_column type=\u00a0\u00bb1_3&Prime; _builder_version=\u00a0\u00bb4.25.0&Prime; _module_preset=\u00a0\u00bbdefault\u00a0\u00bb global_colors_info=\u00a0\u00bb{}\u00a0\u00bb][et_pb_text _builder_version=\u00a0\u00bb4.27.4&Prime; _module_preset=\u00a0\u00bb4db9d2d0-d2e0-4e16-b6da-61987e9a795f\u00a0\u00bb text_text_color=\u00a0\u00bb#26265d\u00a0\u00bb link_font=\u00a0\u00bb||||||||\u00a0\u00bb ul_text_align=\u00a0\u00bbleft\u00a0\u00bb global_colors_info=\u00a0\u00bb{}\u00a0\u00bb]<\/p>\n<div class=\"\" style=\"text-align: justify;\">\n<ul>\n<li><a href=\"\/fr\/categorie\/agricoltura-pesca\"><strong><\/strong><\/a><a class=\"row-title\" href=\"https:\/\/www.annuarioimpreseitaliatunisia.com\/fr\/categorie\/agriculture-peche\/\" aria-label=\"\u00ab\u00a0Agriculture, p\u00eache\u00a0\u00bb (Modifier)\">Agriculture, p\u00eache<\/a><\/li>\n<li><a href=\"https:\/\/www.annuarioimpreseitaliatunisia.com\/fr\/categorie\/certifications\/\">Certifications<\/a><\/li>\n<li><a href=\"\/fr\/categorie\/commercio-internazionale\"><\/a><a class=\"row-title\" href=\"https:\/\/www.annuarioimpreseitaliatunisia.com\/fr\/categorie\/commerce-international\/\" aria-label=\"\u00ab\u00a0Commerce international\u00a0\u00bb (Modifier)\">Commerce international<\/a><\/li>\n<li><a href=\"\/fr\/categorie\/costruzioni-e-lavori-pubblici\"><\/a><a class=\"row-title\" href=\"https:\/\/www.annuarioimpreseitaliatunisia.com\/fr\/categorie\/construction-et-travaux-publics\/\" aria-label=\"\u00ab\u00a0Construction et travaux publics\u00a0\u00bb (Modifier)\">Construction et travaux publics<\/a><\/li>\n<li><a href=\"\/fr\/categorie\/energia-e-petrolio\"><\/a><a class=\"row-title\" href=\"https:\/\/www.annuarioimpreseitaliatunisia.com\/fr\/categorie\/energie-et-petrole\/\" aria-label=\"\u00ab\u00a0\u00c9nergie et p\u00e9trole\u00a0\u00bb (Modifier)\">\u00c9nergie et p\u00e9trole<\/a><\/li>\n<li><a href=\"\/fr\/categorie\/enti-e-associazion\">Enti e associazioni<\/a><\/li>\n<li><a class=\"row-title\" href=\"https:\/\/www.annuarioimpreseitaliatunisia.com\/fr\/categorie\/hotels-restaurants-loisirs\/\" aria-label=\"\u00ab\u00a0H\u00f4tels, restaurants, loisirs\u00a0\u00bb (Modifier)\">H\u00f4tels, restaurants<\/a><\/li>\n<li><a class=\"row-title\" href=\"https:\/\/www.annuarioimpreseitaliatunisia.com\/fr\/categorie\/importation-commerce-et-distribution\/\" aria-label=\"\u00ab\u00a0Importation, commerce et distribution\u00a0\u00bb (Modifier)\">Importation, commerce et distribution<\/a><\/li>\n<li><a href=\"https:\/\/www.annuarioimpreseitaliatunisia.com\/fr\/categorie\/industrie-agroalimentaire\/\">Industrie agroalimentaire<\/a><\/li>\n<\/ul>\n<\/div>\n<p>[\/et_pb_text][\/et_pb_column][et_pb_column type=\u00a0\u00bb1_3&Prime; _builder_version=\u00a0\u00bb4.25.0&Prime; _module_preset=\u00a0\u00bbdefault\u00a0\u00bb global_colors_info=\u00a0\u00bb{}\u00a0\u00bb][et_pb_text _builder_version=\u00a0\u00bb4.27.4&Prime; _module_preset=\u00a0\u00bb4db9d2d0-d2e0-4e16-b6da-61987e9a795f\u00a0\u00bb text_text_color=\u00a0\u00bb#26265d\u00a0\u00bb link_font=\u00a0\u00bb||||||||\u00a0\u00bb ul_text_align=\u00a0\u00bbleft\u00a0\u00bb hover_enabled=\u00a0\u00bb0&Prime; global_colors_info=\u00a0\u00bb{}\u00a0\u00bb sticky_enabled=\u00a0\u00bb0&Prime;]<\/p>\n<div class=\"\" style=\"text-align: justify;\">\n<ul>\n<li><a href=\"\/fr\/categorie\/industrie-automobile\/\">Industrie automobile<\/a><\/li>\n<li><a href=\"\/fr\/categorie\/industrie-chimique\/\">Industrie chimique<\/a><\/li>\n<li><a class=\"row-title\" href=\"https:\/\/www.annuarioimpreseitaliatunisia.com\/fr\/wp-admin\/term.php?taxonomy=category&amp;tag_ID=90&amp;post_type=post&amp;wp_http_referer=%2Ffr%2Fwp-admin%2Fedit-tags.php%3Ftaxonomy%3Dcategory\" aria-label=\"\u00ab\u00a0Industrie des mat\u00e9riaux de construction, verre et c\u00e9ramique\u00a0\u00bb (Modifier)\"><\/a><a class=\"row-title\" href=\"\/fr\/categorie\/industrie-des-materiaux-de-construction-verre-et-ceramique\" aria-label=\"\u00ab\u00a0Industrie des mat\u00e9riaux de construction, verre et c\u00e9ramique\u00a0\u00bb (Modifier)\">Industrie des mat\u00e9riaux de construction, verre et c\u00e9ramique<\/a><\/li>\n<li><a class=\"row-title\" href=\"\/fr\/categorie\/industrie-diverse\t\" aria-label=\"\u00ab\u00a0Industrie diverse\u00a0\u00bb (Modifier)\">Industrie diverse<\/a><\/li>\n<li><a class=\"row-title\" href=\"\/fr\/categorie\/industrie-du-bois-et-de-lameublement\" aria-label=\"\u00ab\u00a0Industrie du bois et de l\u2019ameublement\u00a0\u00bb (Modifier)\">Industrie du bois et de l\u2019ameublement<\/a><\/li>\n<li><a href=\"\/fr\/categorie\/industrie-du-caoutchouc-et-des-plastiques\">Industrie du caoutchouc et des plastiques<\/a><\/li>\n<li><a href=\"\/fr\/categorie\/industrie-du-cuir-et-des-chaussures\">Industrie du cuir et des chaussures<\/a><\/li>\n<li><a href=\"\/fr\/categorie\/industrie-du-papier-et-du-carton\">Industrie du papier et du carton<\/a><\/li>\n<li><a href=\"\/fr\/categorie\/industrie-electrique-et-electronique\">Industrie \u00e9lectrique et \u00e9lectronique<\/a><\/li>\n<\/ul>\n<\/div>\n<p>[\/et_pb_text][\/et_pb_column][et_pb_column type=\u00a0\u00bb1_3&Prime; _builder_version=\u00a0\u00bb4.25.0&Prime; _module_preset=\u00a0\u00bbdefault\u00a0\u00bb global_colors_info=\u00a0\u00bb{}\u00a0\u00bb][et_pb_text _builder_version=\u00a0\u00bb4.27.4&Prime; _module_preset=\u00a0\u00bb4db9d2d0-d2e0-4e16-b6da-61987e9a795f\u00a0\u00bb text_text_color=\u00a0\u00bb#26265d\u00a0\u00bb link_font=\u00a0\u00bb||||||||\u00a0\u00bb ul_text_align=\u00a0\u00bbleft\u00a0\u00bb hover_enabled=\u00a0\u00bb0&Prime; global_colors_info=\u00a0\u00bb{}\u00a0\u00bb sticky_enabled=\u00a0\u00bb0&Prime;]<\/p>\n<div class=\"\" style=\"text-align: justify;\">\n<ul>\n<li><a href=\"\/fr\/categorie\/industrie-mecanique-et-metallurgique\t\">Industrie m\u00e9canique et m\u00e9tallurgique<\/a><\/li>\n<li><a href=\"\/fr\/categorie\/industrie-navale-et-reparations\">Industrie navale et r\u00e9parations<\/a><\/li>\n<li><a href=\"\/fr\/categorie\/Aucune description\tindustrie-pharmaceutique-et-dispositifs-medicaux\">Industrie pharmaceutique et dispositifs m\u00e9dicaux<\/a><\/li>\n<li><a href=\"\/fr\/categorie\/industrie-textile\">Industrie textile<\/a><\/li>\n<li><a href=\"\/fr\/categorie\/informatique-et-communication\">Informatique et communication<\/a><\/li>\n<li><a href=\"\/fr\/categorie\/organismes-et-associations\">Organismes et associations<\/a><\/li>\n<li><a href=\"\/fr\/categorie\/services-aux-entreprises\">Services aux entreprises<\/a><\/li>\n<li><a href=\"\/fr\/categorie\/services-dassurance-et-de-prevention\">Services d\u2019assurance et de pr\u00e9vention<\/a><\/li>\n<li><a href=\"\/fr\/categorie\/services-financiers-et-banques\">Services financiers et banques<\/a><\/li>\n<li><a href=\"\/fr\/categorie\/transport-et-logistique\">Transport et logistique<\/a><\/li>\n<\/ul>\n<\/div>\n<p>[\/et_pb_text][\/et_pb_column][\/et_pb_row][et_pb_row _builder_version=\u00a0\u00bb4.27.2&Prime; _module_preset=\u00a0\u00bbdefault\u00a0\u00bb global_colors_info=\u00a0\u00bb{}\u00a0\u00bb][et_pb_column type=\u00a0\u00bb4_4&Prime; _builder_version=\u00a0\u00bb4.27.2&Prime; _module_preset=\u00a0\u00bbdefault\u00a0\u00bb global_colors_info=\u00a0\u00bb{}\u00a0\u00bb][et_pb_button button_url=\u00a0\u00bb@ET-DC@eyJkeW5hbWljIjp0cnVlLCJjb250ZW50IjoicG9zdF9saW5rX3VybF9wYWdlIiwic2V0dGluZ3MiOnsicG9zdF9pZCI6IjIzMTM5MiJ9fQ==@\u00a0\u00bb button_text=\u00a0\u00bbConsulter l\u2019Annuaire\u00a0\u00bb button_alignment=\u00a0\u00bbcenter\u00a0\u00bb _builder_version=\u00a0\u00bb4.27.4&Prime; _dynamic_attributes=\u00a0\u00bbbutton_url\u00a0\u00bb _module_preset=\u00a0\u00bbdefault\u00a0\u00bb custom_button=\u00a0\u00bbon\u00a0\u00bb button_text_size=\u00a0\u00bb20px\u00a0\u00bb button_text_color=\u00a0\u00bb#26265d\u00a0\u00bb button_use_icon=\u00a0\u00bboff\u00a0\u00bb custom_css_main_element=\u00a0\u00bbwidth:100%;\u00a0\u00bb locked=\u00a0\u00bboff\u00a0\u00bb global_colors_info=\u00a0\u00bb{}\u00a0\u00bb][\/et_pb_button][\/et_pb_column][\/et_pb_row][\/et_pb_section][et_pb_section fb_built=\u00a0\u00bb1&Prime; disabled_on=\u00a0\u00bbon|on|on\u00a0\u00bb admin_label=\u00a0\u00bbSkills &#038; Expertise\u00a0\u00bb _builder_version=\u00a0\u00bb4.27.2&Prime; _module_preset=\u00a0\u00bbdefault\u00a0\u00bb background_color=\u00a0\u00bb#FFFFFF\u00a0\u00bb custom_padding=\u00a0\u00bb13px|||||\u00a0\u00bb border_color_top=\u00a0\u00bb#26265d\u00a0\u00bb disabled=\u00a0\u00bbon\u00a0\u00bb collapsed=\u00a0\u00bbon\u00a0\u00bb global_colors_info=\u00a0\u00bb{}\u00a0\u00bb][et_pb_row _builder_version=\u00a0\u00bb4.25.0&Prime; _module_preset=\u00a0\u00bbdefault\u00a0\u00bb max_width=\u00a0\u00bb1280px\u00a0\u00bb global_colors_info=\u00a0\u00bb{}\u00a0\u00bb][et_pb_column type=\u00a0\u00bb4_4&Prime; _builder_version=\u00a0\u00bb4.25.0&Prime; _module_preset=\u00a0\u00bbdefault\u00a0\u00bb global_colors_info=\u00a0\u00bb{}\u00a0\u00bb][et_pb_heading title=\u00a0\u00bbi nostri Sponsor\u00a0\u00bb _builder_version=\u00a0\u00bb4.27.2&Prime; _module_preset=\u00a0\u00bb3d2fbb35-79f0-4d1c-8774-9f5a814d7b50&Prime; title_text_align=\u00a0\u00bbleft\u00a0\u00bb title_text_color=\u00a0\u00bb#26265d\u00a0\u00bb title_font_size=\u00a0\u00bb20px\u00a0\u00bb global_colors_info=\u00a0\u00bb{}\u00a0\u00bb][\/et_pb_heading][\/et_pb_column][\/et_pb_row][et_pb_row column_structure=\u00a0\u00bb1_3,1_3,1_3&Prime; _builder_version=\u00a0\u00bb4.27.2&Prime; _module_preset=\u00a0\u00bbdefault\u00a0\u00bb global_colors_info=\u00a0\u00bb{}\u00a0\u00bb][et_pb_column type=\u00a0\u00bb1_3&Prime; _builder_version=\u00a0\u00bb4.27.2&Prime; _module_preset=\u00a0\u00bbdefault\u00a0\u00bb global_colors_info=\u00a0\u00bb{}\u00a0\u00bb][et_pb_image src=\u00a0\u00bbdata:image\/svg+xml;base64,PHN2ZyB3aWR0aD0iMTA4MCIgaGVpZ2h0PSI1NDAiIHZpZXdCb3g9IjAgMCAxMDgwIDU0MCIgeG1sbnM9Imh0dHA6Ly93d3cudzMub3JnLzIwMDAvc3ZnIj4KICAgIDxnIGZpbGw9Im5vbmUiIGZpbGwtcnVsZT0iZXZlbm9kZCI+CiAgICAgICAgPHBhdGggZmlsbD0iI0VCRUJFQiIgZD0iTTAgMGgxMDgwdjU0MEgweiIvPgogICAgICAgIDxwYXRoIGQ9Ik00NDUuNjQ5IDU0MGgtOTguOTk1TDE0NC42NDkgMzM3Ljk5NSAwIDQ4Mi42NDR2LTk4Ljk5NWwxMTYuMzY1LTExNi4zNjVjMTUuNjItMTUuNjIgNDAuOTQ3LTE1LjYyIDU2LjU2OCAwTDQ0NS42NSA1NDB6IiBmaWxsLW9wYWNpdHk9Ii4xIiBmaWxsPSIjMDAwIiBmaWxsLXJ1bGU9Im5vbnplcm8iLz4KICAgICAgICA8Y2lyY2xlIGZpbGwtb3BhY2l0eT0iLjA1IiBmaWxsPSIjMDAwIiBjeD0iMzMxIiBjeT0iMTQ4IiByPSI3MCIvPgogICAgICAgIDxwYXRoIGQ9Ik0xMDgwIDM3OXYxMTMuMTM3TDcyOC4xNjIgMTQwLjMgMzI4LjQ2MiA1NDBIMjE1LjMyNEw2OTkuODc4IDU1LjQ0NmMxNS42Mi0xNS42MiA0MC45NDgtMTUuNjIgNTYuNTY4IDBMMTA4MCAzNzl6IiBmaWxsLW9wYWNpdHk9Ii4yIiBmaWxsPSIjMDAwIiBmaWxsLXJ1bGU9Im5vbnplcm8iLz4KICAgIDwvZz4KPC9zdmc+Cg==\u00a0\u00bb _builder_version=\u00a0\u00bb4.27.2&Prime; _module_preset=\u00a0\u00bbdefault\u00a0\u00bb global_colors_info=\u00a0\u00bb{}\u00a0\u00bb][\/et_pb_image][\/et_pb_column][et_pb_column type=\u00a0\u00bb1_3&Prime; _builder_version=\u00a0\u00bb4.27.2&Prime; _module_preset=\u00a0\u00bbdefault\u00a0\u00bb global_colors_info=\u00a0\u00bb{}\u00a0\u00bb][et_pb_image src=\u00a0\u00bbdata:image\/svg+xml;base64,PHN2ZyB3aWR0aD0iMTA4MCIgaGVpZ2h0PSI1NDAiIHZpZXdCb3g9IjAgMCAxMDgwIDU0MCIgeG1sbnM9Imh0dHA6Ly93d3cudzMub3JnLzIwMDAvc3ZnIj4KICAgIDxnIGZpbGw9Im5vbmUiIGZpbGwtcnVsZT0iZXZlbm9kZCI+CiAgICAgICAgPHBhdGggZmlsbD0iI0VCRUJFQiIgZD0iTTAgMGgxMDgwdjU0MEgweiIvPgogICAgICAgIDxwYXRoIGQ9Ik00NDUuNjQ5IDU0MGgtOTguOTk1TDE0NC42NDkgMzM3Ljk5NSAwIDQ4Mi42NDR2LTk4Ljk5NWwxMTYuMzY1LTExNi4zNjVjMTUuNjItMTUuNjIgNDAuOTQ3LTE1LjYyIDU2LjU2OCAwTDQ0NS42NSA1NDB6IiBmaWxsLW9wYWNpdHk9Ii4xIiBmaWxsPSIjMDAwIiBmaWxsLXJ1bGU9Im5vbnplcm8iLz4KICAgICAgICA8Y2lyY2xlIGZpbGwtb3BhY2l0eT0iLjA1IiBmaWxsPSIjMDAwIiBjeD0iMzMxIiBjeT0iMTQ4IiByPSI3MCIvPgogICAgICAgIDxwYXRoIGQ9Ik0xMDgwIDM3OXYxMTMuMTM3TDcyOC4xNjIgMTQwLjMgMzI4LjQ2MiA1NDBIMjE1LjMyNEw2OTkuODc4IDU1LjQ0NmMxNS42Mi0xNS42MiA0MC45NDgtMTUuNjIgNTYuNTY4IDBMMTA4MCAzNzl6IiBmaWxsLW9wYWNpdHk9Ii4yIiBmaWxsPSIjMDAwIiBmaWxsLXJ1bGU9Im5vbnplcm8iLz4KICAgIDwvZz4KPC9zdmc+Cg==\u00a0\u00bb _builder_version=\u00a0\u00bb4.27.2&Prime; _module_preset=\u00a0\u00bbdefault\u00a0\u00bb global_colors_info=\u00a0\u00bb{}\u00a0\u00bb][\/et_pb_image][\/et_pb_column][et_pb_column type=\u00a0\u00bb1_3&Prime; _builder_version=\u00a0\u00bb4.27.2&Prime; _module_preset=\u00a0\u00bbdefault\u00a0\u00bb global_colors_info=\u00a0\u00bb{}\u00a0\u00bb][et_pb_image src=\u00a0\u00bbdata:image\/svg+xml;base64,PHN2ZyB3aWR0aD0iMTA4MCIgaGVpZ2h0PSI1NDAiIHZpZXdCb3g9IjAgMCAxMDgwIDU0MCIgeG1sbnM9Imh0dHA6Ly93d3cudzMub3JnLzIwMDAvc3ZnIj4KICAgIDxnIGZpbGw9Im5vbmUiIGZpbGwtcnVsZT0iZXZlbm9kZCI+CiAgICAgICAgPHBhdGggZmlsbD0iI0VCRUJFQiIgZD0iTTAgMGgxMDgwdjU0MEgweiIvPgogICAgICAgIDxwYXRoIGQ9Ik00NDUuNjQ5IDU0MGgtOTguOTk1TDE0NC42NDkgMzM3Ljk5NSAwIDQ4Mi42NDR2LTk4Ljk5NWwxMTYuMzY1LTExNi4zNjVjMTUuNjItMTUuNjIgNDAuOTQ3LTE1LjYyIDU2LjU2OCAwTDQ0NS42NSA1NDB6IiBmaWxsLW9wYWNpdHk9Ii4xIiBmaWxsPSIjMDAwIiBmaWxsLXJ1bGU9Im5vbnplcm8iLz4KICAgICAgICA8Y2lyY2xlIGZpbGwtb3BhY2l0eT0iLjA1IiBmaWxsPSIjMDAwIiBjeD0iMzMxIiBjeT0iMTQ4IiByPSI3MCIvPgogICAgICAgIDxwYXRoIGQ9Ik0xMDgwIDM3OXYxMTMuMTM3TDcyOC4xNjIgMTQwLjMgMzI4LjQ2MiA1NDBIMjE1LjMyNEw2OTkuODc4IDU1LjQ0NmMxNS42Mi0xNS42MiA0MC45NDgtMTUuNjIgNTYuNTY4IDBMMTA4MCAzNzl6IiBmaWxsLW9wYWNpdHk9Ii4yIiBmaWxsPSIjMDAwIiBmaWxsLXJ1bGU9Im5vbnplcm8iLz4KICAgIDwvZz4KPC9zdmc+Cg==\u00a0\u00bb _builder_version=\u00a0\u00bb4.27.2&Prime; _module_preset=\u00a0\u00bbdefault\u00a0\u00bb global_colors_info=\u00a0\u00bb{}\u00a0\u00bb][\/et_pb_image][\/et_pb_column][\/et_pb_row][et_pb_row _builder_version=\u00a0\u00bb4.27.2&Prime; _module_preset=\u00a0\u00bbdefault\u00a0\u00bb global_colors_info=\u00a0\u00bb{}\u00a0\u00bb][et_pb_column type=\u00a0\u00bb4_4&Prime; _builder_version=\u00a0\u00bb4.27.2&Prime; _module_preset=\u00a0\u00bbdefault\u00a0\u00bb global_colors_info=\u00a0\u00bb{}\u00a0\u00bb][et_pb_divider color=\u00a0\u00bbrgba(0,0,0,0.12)\u00a0\u00bb divider_position=\u00a0\u00bbcenter\u00a0\u00bb _builder_version=\u00a0\u00bb4.25.0&Prime; _module_preset=\u00a0\u00bbdefault\u00a0\u00bb global_colors_info=\u00a0\u00bb{}\u00a0\u00bb][\/et_pb_divider][\/et_pb_column][\/et_pb_row][\/et_pb_section]<\/p>\n","protected":false},"excerpt":{"rendered":"<p>L\u2019Annuaire Num\u00e9rique des Entreprises Italiennes en Tunisie est une initiative du Com.It.Es (Comit\u00e9 des Italiens \u00e0 l\u2019\u00c9tranger), r\u00e9alis\u00e9e en collaboration avec la Chambre Tuniso-Italienne de Commerce et d\u2019Industrie et l\u2019Ambassade d\u2019Italie \u00e0 Tunis. Cet outil a pour objectif de mettre en valeur la pr\u00e9sence des entreprises italiennes en Tunisie et de favoriser les \u00e9changes entre [&hellip;]<\/p>\n","protected":false},"author":4,"featured_media":0,"parent":0,"menu_order":0,"comment_status":"closed","ping_status":"closed","template":"","meta":{"_seopress_robots_primary_cat":"","_seopress_titles_title":"Annuario Imprese Italiane in Tunisia","_seopress_titles_desc":"L\u2019Annuario delle Imprese Italiane in Tunisia \u00e8 promossa dal Com.It.Es con l\u2019intento di valorizzare la presenza delle aziende italiane in Tunisia.","_seopress_robots_index":"","_et_pb_use_builder":"on","_et_pb_old_content":"","_et_gb_content_width":"","footnotes":""},"class_list":["post-231234","page","type-page","status-publish","hentry"],"_links":{"self":[{"href":"https:\/\/www.annuarioimpreseitaliatunisia.com\/fr\/wp-json\/wp\/v2\/pages\/231234","targetHints":{"allow":["GET"]}}],"collection":[{"href":"https:\/\/www.annuarioimpreseitaliatunisia.com\/fr\/wp-json\/wp\/v2\/pages"}],"about":[{"href":"https:\/\/www.annuarioimpreseitaliatunisia.com\/fr\/wp-json\/wp\/v2\/types\/page"}],"author":[{"embeddable":true,"href":"https:\/\/www.annuarioimpreseitaliatunisia.com\/fr\/wp-json\/wp\/v2\/users\/4"}],"replies":[{"embeddable":true,"href":"https:\/\/www.annuarioimpreseitaliatunisia.com\/fr\/wp-json\/wp\/v2\/comments?post=231234"}],"version-history":[{"count":10,"href":"https:\/\/www.annuarioimpreseitaliatunisia.com\/fr\/wp-json\/wp\/v2\/pages\/231234\/revisions"}],"predecessor-version":[{"id":236892,"href":"https:\/\/www.annuarioimpreseitaliatunisia.com\/fr\/wp-json\/wp\/v2\/pages\/231234\/revisions\/236892"}],"wp:attachment":[{"href":"https:\/\/www.annuarioimpreseitaliatunisia.com\/fr\/wp-json\/wp\/v2\/media?parent=231234"}],"curies":[{"name":"wp","href":"https:\/\/api.w.org\/{rel}","templated":true}]}}