{"id":231320,"date":"2024-11-26T11:09:26","date_gmt":"2024-11-26T10:09:26","guid":{"rendered":"https:\/\/www.annuarioimpreseitaliatunisia.com\/?page_id=231320"},"modified":"2024-12-19T10:00:25","modified_gmt":"2024-12-19T09:00:25","slug":"preface","status":"publish","type":"page","link":"https:\/\/www.annuarioimpreseitaliatunisia.com\/fr\/preface\/","title":{"rendered":"Pr\u00e9face"},"content":{"rendered":"<p>[et_pb_section fb_built=\u00a0\u00bb1&Prime; admin_label=\u00a0\u00bbHeader\u00a0\u00bb _builder_version=\u00a0\u00bb4.27.2&Prime; _module_preset=\u00a0\u00bbdefault\u00a0\u00bb background_enable_color=\u00a0\u00bboff\u00a0\u00bb background_image=\u00a0\u00bbhttps:\/\/www.annuarioimpreseitaliatunisia.com\/wp-content\/uploads\/2024\/11\/header12-scaled.jpg\u00a0\u00bb box_shadow_style=\u00a0\u00bbpreset1&Prime; collapsed=\u00a0\u00bbon\u00a0\u00bb global_colors_info=\u00a0\u00bb{%22gcid-a674551e-c023-4666-82b8-b7448e713885%22:%91%22background_color%22%93}\u00a0\u00bb][et_pb_row column_structure=\u00a0\u00bb3_4,1_4&Prime; _builder_version=\u00a0\u00bb4.25.0&Prime; _module_preset=\u00a0\u00bbdefault\u00a0\u00bb max_width=\u00a0\u00bbnone\u00a0\u00bb global_colors_info=\u00a0\u00bb{}\u00a0\u00bb][et_pb_column type=\u00a0\u00bb3_4&Prime; _builder_version=\u00a0\u00bb4.25.0&Prime; _module_preset=\u00a0\u00bbdefault\u00a0\u00bb global_colors_info=\u00a0\u00bb{}\u00a0\u00bb][\/et_pb_column][et_pb_column type=\u00a0\u00bb1_4&Prime; _builder_version=\u00a0\u00bb4.25.0&Prime; _module_preset=\u00a0\u00bbdefault\u00a0\u00bb global_colors_info=\u00a0\u00bb{}\u00a0\u00bb][\/et_pb_column][\/et_pb_row][\/et_pb_section][et_pb_section fb_built=\u00a0\u00bb1&Prime; admin_label=\u00a0\u00bbWork Experience\u00a0\u00bb _builder_version=\u00a0\u00bb4.27.2&Prime; _module_preset=\u00a0\u00bbdefault\u00a0\u00bb custom_padding=\u00a0\u00bb15px||14px|||\u00a0\u00bb collapsed=\u00a0\u00bbon\u00a0\u00bb global_colors_info=\u00a0\u00bb{}\u00a0\u00bb][et_pb_row _builder_version=\u00a0\u00bb4.25.0&Prime; _module_preset=\u00a0\u00bbdefault\u00a0\u00bb max_width=\u00a0\u00bb1280px\u00a0\u00bb locked=\u00a0\u00bboff\u00a0\u00bb global_colors_info=\u00a0\u00bb{}\u00a0\u00bb][et_pb_column type=\u00a0\u00bb4_4&Prime; _builder_version=\u00a0\u00bb4.25.0&Prime; _module_preset=\u00a0\u00bbdefault\u00a0\u00bb global_colors_info=\u00a0\u00bb{}\u00a0\u00bb][et_pb_text _builder_version=\u00a0\u00bb4.27.4&Prime; _module_preset=\u00a0\u00bb4db9d2d0-d2e0-4e16-b6da-61987e9a795f\u00a0\u00bb text_text_color=\u00a0\u00bb#26265d\u00a0\u00bb text_font_size=\u00a0\u00bb14px\u00a0\u00bb hover_enabled=\u00a0\u00bb0&Prime; custom_css_main_element=\u00a0\u00bbline-height:1.7em\u00a0\u00bb locked=\u00a0\u00bboff\u00a0\u00bb global_colors_info=\u00a0\u00bb{}\u00a0\u00bb sticky_enabled=\u00a0\u00bb0&Prime;]<\/p>\n<p>Nous avons le plaisir de vous pr\u00e9senter l\u2019Annuaire des entreprises italiennes actives en Tunisie.<\/p>\n<p>Ce projet, r\u00e9alis\u00e9 en collaboration avec le <em>Com.It.Es Tunisie<\/em>, l\u2019Ambassade d\u2019Italie et la Chambre Tuniso-Italienne de Commerce et d\u2019Industrie, se veut un outil pr\u00e9cieux pour connecter et valoriser le tissu entrepreneurial italien dans le pays.<br \/>Jusqu\u2019\u00e0 pr\u00e9sent, l\u2019Annuaire \u00e9tait disponible uniquement en version papier. Cependant, dans le cadre de l\u2019agenda num\u00e9rique italien et afin de le rendre plus accessible et efficace, nous avons opt\u00e9 pour sa digitalisation. C\u2019est ainsi qu\u2019a vu le jour une plateforme en ligne accessible mondialement, permettant de d\u00e9couvrir les entreprises italiennes en Tunisie class\u00e9es par cat\u00e9gories de produits et par zones g\u00e9ographiques.<br \/>La plateforme sera mise \u00e0 jour chaque mois avec les nouvelles adh\u00e9sions, offrant ainsi un outil dynamique et toujours en phase avec l\u2019\u00e9volution du paysage entrepreneurial. Par ailleurs, nous pr\u00e9voyons de d\u00e9velopper d\u2019autres initiatives num\u00e9riques destin\u00e9es \u00e0 la communaut\u00e9 italienne en Tunisie, \u00e9largissant ainsi les opportunit\u00e9s d\u2019interaction et de soutien.<\/p>\n<p>Nous sommes convaincus que cet outil r\u00e9pondra non seulement aux besoins de la communaut\u00e9 d\u2019affaires italienne, mais constituera \u00e9galement un service utile pour l\u2019ensemble de la communaut\u00e9 italienne r\u00e9sidant en Tunisie, tout en renfor\u00e7ant les liens entre les deux pays et en encourageant de nouvelles synergies.<\/p>\n<p style=\"text-align: right;\"><strong>Sandro Fratini<\/strong><\/p>\n<p>[\/et_pb_text][et_pb_divider color=\u00a0\u00bbrgba(0,0,0,0.12)\u00a0\u00bb divider_position=\u00a0\u00bbcenter\u00a0\u00bb _builder_version=\u00a0\u00bb4.27.4&Prime; _module_preset=\u00a0\u00bbdefault\u00a0\u00bb global_colors_info=\u00a0\u00bb{}\u00a0\u00bb][\/et_pb_divider][\/et_pb_column][\/et_pb_row][et_pb_row _builder_version=\u00a0\u00bb4.25.0&Prime; _module_preset=\u00a0\u00bbdefault\u00a0\u00bb max_width=\u00a0\u00bb1280px\u00a0\u00bb locked=\u00a0\u00bboff\u00a0\u00bb global_colors_info=\u00a0\u00bb{}\u00a0\u00bb][et_pb_column type=\u00a0\u00bb4_4&Prime; _builder_version=\u00a0\u00bb4.25.0&Prime; _module_preset=\u00a0\u00bbdefault\u00a0\u00bb global_colors_info=\u00a0\u00bb{}\u00a0\u00bb][et_pb_text _builder_version=\u00a0\u00bb4.27.4&Prime; _module_preset=\u00a0\u00bb4db9d2d0-d2e0-4e16-b6da-61987e9a795f\u00a0\u00bb text_text_color=\u00a0\u00bb#26265d\u00a0\u00bb text_font_size=\u00a0\u00bb14px\u00a0\u00bb hover_enabled=\u00a0\u00bb0&Prime; custom_css_main_element=\u00a0\u00bbline-height:1.7em\u00a0\u00bb locked=\u00a0\u00bboff\u00a0\u00bb global_colors_info=\u00a0\u00bb{}\u00a0\u00bb sticky_enabled=\u00a0\u00bb0&Prime;]<\/p>\n<p>Chers Entrepreneurs,<\/p>\n<p>C\u2019est avec satisfaction que nous pr\u00e9sentons l\u2019Annuaire des Entreprises Italiennes en Tunisie, une initiative conjointe de la CTICI et du <em>Com.It.Es<\/em>.<br \/>Cet annuaire num\u00e9rique constitue un outil strat\u00e9gique, con\u00e7u pour recenser et valoriser l\u2019ensemble des activit\u00e9s \u00e9conomiques et sociales italiennes pr\u00e9sentes en Tunisie. Il s\u2019agit d\u2019une plateforme moderne et intuitive, pens\u00e9e pour encourager une interaction accrue entre les acteurs \u00e9conomiques, tout en renfor\u00e7ant la visibilit\u00e9 et les synergies au sein de notre communaut\u00e9 d\u2019affaires.<\/p>\n<p>Dans un monde globalis\u00e9 en constante \u00e9volution, o\u00f9 la connectivit\u00e9 est un pilier essentiel du d\u00e9veloppement, cet outil ambitionne de faciliter le dialogue et la collaboration entre entreprises, op\u00e9rateurs \u00e9conomiques et acteurs de la soci\u00e9t\u00e9 civile. Il permettra \u00e9galement \u00e0 toutes les parties int\u00e9ress\u00e9es d\u2019identifier plus facilement les opportunit\u00e9s de coop\u00e9ration et de promouvoir leurs activit\u00e9s de mani\u00e8re structur\u00e9e et efficace.<\/p>\n<p>Je tiens \u00e0 exprimer ma gratitude la plus sinc\u00e8re \u00e0 toutes les personnes ayant contribu\u00e9 \u00e0 la r\u00e9alisation de ce projet, qui, j\u2019en suis certain, deviendra une r\u00e9f\u00e9rence incontournable, non seulement pour nos membres, mais aussi pour tous ceux qui souhaitent collaborer avec les op\u00e9rateurs italiens actifs en Tunisie.<\/p>\n<p>Nous vous invitons \u00e0 explorer cette ressource, \u00e0 en tirer pleinement parti et \u00e0 contribuer \u00e0 son actualisation continue afin d\u2019en garantir la pertinence et l\u2019efficacit\u00e9 dans le temps.<\/p>\n<p style=\"text-align: right;\"><strong>Fradi Mourad<\/strong><\/p>\n<p>[\/et_pb_text][et_pb_divider color=\u00a0\u00bbrgba(0,0,0,0.12)\u00a0\u00bb divider_position=\u00a0\u00bbcenter\u00a0\u00bb _builder_version=\u00a0\u00bb4.25.0&Prime; _module_preset=\u00a0\u00bbdefault\u00a0\u00bb global_colors_info=\u00a0\u00bb{}\u00a0\u00bb][\/et_pb_divider][\/et_pb_column][\/et_pb_row][\/et_pb_section]<\/p>\n","protected":false},"excerpt":{"rendered":"<p>Nous avons le plaisir de vous pr\u00e9senter l\u2019Annuaire des entreprises italiennes actives en Tunisie. Ce projet, r\u00e9alis\u00e9 en collaboration avec le Com.It.Es Tunisie, l\u2019Ambassade d\u2019Italie et la Chambre Tuniso-Italienne de Commerce et d\u2019Industrie, se veut un outil pr\u00e9cieux pour connecter et valoriser le tissu entrepreneurial italien dans le pays.Jusqu\u2019\u00e0 pr\u00e9sent, l\u2019Annuaire \u00e9tait disponible uniquement en [&hellip;]<\/p>\n","protected":false},"author":4,"featured_media":0,"parent":0,"menu_order":0,"comment_status":"closed","ping_status":"closed","template":"","meta":{"_seopress_robots_primary_cat":"","_seopress_titles_title":"","_seopress_titles_desc":"","_seopress_robots_index":"","_et_pb_use_builder":"on","_et_pb_old_content":"","_et_gb_content_width":"","footnotes":""},"class_list":["post-231320","page","type-page","status-publish","hentry"],"_links":{"self":[{"href":"https:\/\/www.annuarioimpreseitaliatunisia.com\/fr\/wp-json\/wp\/v2\/pages\/231320","targetHints":{"allow":["GET"]}}],"collection":[{"href":"https:\/\/www.annuarioimpreseitaliatunisia.com\/fr\/wp-json\/wp\/v2\/pages"}],"about":[{"href":"https:\/\/www.annuarioimpreseitaliatunisia.com\/fr\/wp-json\/wp\/v2\/types\/page"}],"author":[{"embeddable":true,"href":"https:\/\/www.annuarioimpreseitaliatunisia.com\/fr\/wp-json\/wp\/v2\/users\/4"}],"replies":[{"embeddable":true,"href":"https:\/\/www.annuarioimpreseitaliatunisia.com\/fr\/wp-json\/wp\/v2\/comments?post=231320"}],"version-history":[{"count":13,"href":"https:\/\/www.annuarioimpreseitaliatunisia.com\/fr\/wp-json\/wp\/v2\/pages\/231320\/revisions"}],"predecessor-version":[{"id":236772,"href":"https:\/\/www.annuarioimpreseitaliatunisia.com\/fr\/wp-json\/wp\/v2\/pages\/231320\/revisions\/236772"}],"wp:attachment":[{"href":"https:\/\/www.annuarioimpreseitaliatunisia.com\/fr\/wp-json\/wp\/v2\/media?parent=231320"}],"curies":[{"name":"wp","href":"https:\/\/api.w.org\/{rel}","templated":true}]}}